{"id":76,"date":"2017-01-23T18:29:08","date_gmt":"2017-01-23T18:29:08","guid":{"rendered":"http:\/\/prodrone.pl\/?page_id=76"},"modified":"2025-02-04T14:11:33","modified_gmt":"2025-02-04T14:11:33","slug":"o-nas","status":"publish","type":"page","link":"https:\/\/prodrone.pl\/index.php\/pl\/blog-2\/o-nas\/","title":{"rendered":"O nas"},"content":{"rendered":"\n<p>Nasza firma, Prodrone.pl, to lider w produkcji wysokiej jako\u015bci anten dedykowanych dronom FPV i UAV. Oferujemy szeroki wyb\u00f3r anten dostosowanych do cz\u0119stotliwo\u015bci 868 MHz, 915 MHz, 433 MHz, 2.4 GHz i 5.8 GHz, co pozwala na idealne dopasowanie do specyficznych potrzeb ka\u017cdego pilota. Niezale\u017cnie od tego, czy potrzebujesz anteny do kr\u00f3tkich, czy d\u0142ugich lot\u00f3w, mamy co\u015b, co spe\u0142ni Twoje oczekiwania.<br \/><br \/><a href=\"http:\/\/prodrone.pl\/wp-content\/uploads\/2024\/07\/1220221.jpg\"><img loading=\"lazy\" decoding=\"async\" class=\"aligncenter size-full wp-image-3343\" src=\"http:\/\/prodrone.pl\/wp-content\/uploads\/2024\/07\/1220221.jpg\" alt=\"\" width=\"700\" height=\"525\" srcset=\"https:\/\/prodrone.pl\/wp-content\/uploads\/2024\/07\/1220221.jpg 700w, https:\/\/prodrone.pl\/wp-content\/uploads\/2024\/07\/1220221-300x225.jpg 300w, https:\/\/prodrone.pl\/wp-content\/uploads\/2024\/07\/1220221-285x214.jpg 285w, https:\/\/prodrone.pl\/wp-content\/uploads\/2024\/07\/1220221-600x450.jpg 600w\" sizes=\"(max-width: 700px) 100vw, 700px\" \/><\/a><\/p>\n<p>Nasze anteny s\u0105 doskona\u0142ym po\u0142\u0105czeniem trwa\u0142o\u015bci i wysokiej wydajno\u015bci. Dzi\u0119ki zastosowaniu materia\u0142\u00f3w najwy\u017cszej jako\u015bci i precyzyjnych maszyn CNC, nasze anteny s\u0105 nie tylko wytrzyma\u0142e, ale r\u00f3wnie\u017c zapewniaj\u0105 doskona\u0142y zasi\u0119g i jako\u015b\u0107 sygna\u0142u. Korzystamy z kabli renomowanych firm, takich jak Belden i Suhner, kt\u00f3re charakteryzuj\u0105 si\u0119 bardzo niskim t\u0142umieniem sygna\u0142u, co pozwala na dalsze loty i lepsz\u0105 jako\u015b\u0107 obrazu w transmisji wideo.<br \/><br \/><a href=\"http:\/\/prodrone.pl\/wp-content\/uploads\/2024\/07\/x-cross_v2-1.jpg\"><img loading=\"lazy\" decoding=\"async\" class=\"aligncenter size-large wp-image-3365\" src=\"http:\/\/prodrone.pl\/wp-content\/uploads\/2024\/07\/x-cross_v2-1-1024x791.jpg\" alt=\"\" width=\"640\" height=\"494\" srcset=\"https:\/\/prodrone.pl\/wp-content\/uploads\/2024\/07\/x-cross_v2-1-1024x791.jpg 1024w, https:\/\/prodrone.pl\/wp-content\/uploads\/2024\/07\/x-cross_v2-1-300x232.jpg 300w, https:\/\/prodrone.pl\/wp-content\/uploads\/2024\/07\/x-cross_v2-1-768x593.jpg 768w, https:\/\/prodrone.pl\/wp-content\/uploads\/2024\/07\/x-cross_v2-1-1536x1187.jpg 1536w, https:\/\/prodrone.pl\/wp-content\/uploads\/2024\/07\/x-cross_v2-1-600x464.jpg 600w, https:\/\/prodrone.pl\/wp-content\/uploads\/2024\/07\/x-cross_v2-1.jpg 1650w\" sizes=\"(max-width: 640px) 100vw, 640px\" \/><\/a><\/p>\n<p>Ka\u017cda antena Prodrone jest r\u0119cznie montowana i testowana na zaawansowanych urz\u0105dzeniach VNA, aby upewni\u0107 si\u0119, \u017ce spe\u0142nia najwy\u017csze standardy jako\u015bci. Gwarantujemy, \u017ce wszystkie nasze anteny maj\u0105 VSWR (wsp\u00f3\u0142czynnik odbicia fali) nie gorszy ni\u017c 1.2, a wiele z nich osi\u0105ga nawet 1.1 lub lepsze wyniki. Nasze anteny z polaryzacj\u0105 ko\u0142ow\u0105 zapewniaj\u0105 doskona\u0142y stosunek osiowy, co znacz\u0105co poprawia jako\u015b\u0107 odbioru.<br \/><br \/><a href=\"http:\/\/prodrone.pl\/wp-content\/uploads\/2024\/07\/1220067-1.jpg\"><img loading=\"lazy\" decoding=\"async\" class=\"aligncenter size-full wp-image-3339\" src=\"http:\/\/prodrone.pl\/wp-content\/uploads\/2024\/07\/1220067-1.jpg\" alt=\"\" width=\"700\" height=\"537\" srcset=\"https:\/\/prodrone.pl\/wp-content\/uploads\/2024\/07\/1220067-1.jpg 700w, https:\/\/prodrone.pl\/wp-content\/uploads\/2024\/07\/1220067-1-300x230.jpg 300w, https:\/\/prodrone.pl\/wp-content\/uploads\/2024\/07\/1220067-1-600x460.jpg 600w\" sizes=\"(max-width: 700px) 100vw, 700px\" \/><\/a><\/p>\n<p>Prodrone zapewnia pe\u0142n\u0105 kompatybilno\u015b\u0107 swoich anten z szerokim zakresem system\u00f3w, w tym DJI, ImmersionRC, Bocam, Skyzone, Aomway, Caddx, DJI i Walksnail. Dzi\u0119ki \u015bcis\u0142ej kontroli jako\u015bci na ka\u017cdym etapie produkcji, nasze anteny przewy\u017cszaj\u0105 chi\u0144skie i domowej roboty produkty dost\u0119pne na rynku. Jako\u015b\u0107 naszych anten por\u00f3wnywalna jest z najlepszymi produktami dost\u0119pnymi na rynku, takimi jak VAS, FPVRL czy TrueRC.<br \/><a href=\"http:\/\/prodrone.pl\/wp-content\/uploads\/2024\/07\/1200262.jpg\"><img loading=\"lazy\" decoding=\"async\" class=\"aligncenter size-full wp-image-3309\" src=\"http:\/\/prodrone.pl\/wp-content\/uploads\/2024\/07\/1200262.jpg\" alt=\"\" width=\"700\" height=\"525\" srcset=\"https:\/\/prodrone.pl\/wp-content\/uploads\/2024\/07\/1200262.jpg 700w, https:\/\/prodrone.pl\/wp-content\/uploads\/2024\/07\/1200262-300x225.jpg 300w, https:\/\/prodrone.pl\/wp-content\/uploads\/2024\/07\/1200262-285x214.jpg 285w, https:\/\/prodrone.pl\/wp-content\/uploads\/2024\/07\/1200262-600x450.jpg 600w\" sizes=\"(max-width: 700px) 100vw, 700px\" \/><\/a> <a href=\"http:\/\/prodrone.pl\/wp-content\/uploads\/2024\/07\/1200244.jpg\"><img loading=\"lazy\" decoding=\"async\" class=\"aligncenter size-full wp-image-3308\" src=\"http:\/\/prodrone.pl\/wp-content\/uploads\/2024\/07\/1200244.jpg\" alt=\"\" width=\"700\" height=\"525\" srcset=\"https:\/\/prodrone.pl\/wp-content\/uploads\/2024\/07\/1200244.jpg 700w, https:\/\/prodrone.pl\/wp-content\/uploads\/2024\/07\/1200244-300x225.jpg 300w, https:\/\/prodrone.pl\/wp-content\/uploads\/2024\/07\/1200244-285x214.jpg 285w, https:\/\/prodrone.pl\/wp-content\/uploads\/2024\/07\/1200244-600x450.jpg 600w\" sizes=\"(max-width: 700px) 100vw, 700px\" \/><\/a><\/p>\n<p>Opr\u00f3cz produkcji anten oferujemy r\u00f3wnie\u017c kompleksowe us\u0142ugi projektowe w zakresie CAD, wykorzystuj\u0105c program Solidworks. Nasza specjalizacja obejmuje tworzenie precyzyjnych modeli i prototyp\u00f3w, co jest kluczowe w realizacji r\u00f3\u017cnorodnych projekt\u00f3w. Mamy ponad dziesi\u0119\u0107 lat do\u015bwiadczenia w projektowaniu narz\u0119dzi, drukarek 3D, przyrz\u0105d\u00f3w monta\u017cowych u\u0142atwiaj\u0105cych i przyspieszaj\u0105cych produkcj\u0119. Nasze do\u015bwiadczenie obejmuje tak\u017ce projekty i modyfikacje sprz\u0119tu medycznego i rehabilitacyjnego, co pozwala nam oferowa\u0107 najwy\u017cszej jako\u015bci rozwi\u0105zania w r\u00f3\u017cnych dziedzinach.<br \/><br \/><a href=\"http:\/\/prodrone.pl\/wp-content\/uploads\/2024\/07\/Untitled3-Niestandardowe-1.png\"><img loading=\"lazy\" decoding=\"async\" class=\"aligncenter size-full wp-image-3362\" src=\"http:\/\/prodrone.pl\/wp-content\/uploads\/2024\/07\/Untitled3-Niestandardowe-1.png\" alt=\"\" width=\"700\" height=\"394\" srcset=\"https:\/\/prodrone.pl\/wp-content\/uploads\/2024\/07\/Untitled3-Niestandardowe-1.png 700w, https:\/\/prodrone.pl\/wp-content\/uploads\/2024\/07\/Untitled3-Niestandardowe-1-300x169.png 300w, https:\/\/prodrone.pl\/wp-content\/uploads\/2024\/07\/Untitled3-Niestandardowe-1-600x338.png 600w\" sizes=\"(max-width: 700px) 100vw, 700px\" \/><\/a> <a href=\"http:\/\/prodrone.pl\/wp-content\/uploads\/2024\/07\/1210816-1.jpg\"><img loading=\"lazy\" decoding=\"async\" class=\"aligncenter size-full wp-image-3323\" src=\"http:\/\/prodrone.pl\/wp-content\/uploads\/2024\/07\/1210816-1.jpg\" alt=\"\" width=\"700\" height=\"525\" srcset=\"https:\/\/prodrone.pl\/wp-content\/uploads\/2024\/07\/1210816-1.jpg 700w, https:\/\/prodrone.pl\/wp-content\/uploads\/2024\/07\/1210816-1-300x225.jpg 300w, https:\/\/prodrone.pl\/wp-content\/uploads\/2024\/07\/1210816-1-285x214.jpg 285w, https:\/\/prodrone.pl\/wp-content\/uploads\/2024\/07\/1210816-1-600x450.jpg 600w\" sizes=\"(max-width: 700px) 100vw, 700px\" \/><\/a><\/p>\n<p>Dodatkowo, oferujemy us\u0142ugi druku 3D oraz obr\u00f3bki skrawaniem CNC wspomagane wycinaniem i grawerowaniem laserem. Nasza farma drukarek 3D wyposa\u017cona jest w urz\u0105dzenia FDM i SLA, co pozwala nam na tworzenie trwa\u0142ych i precyzyjnych cz\u0119\u015bci z r\u00f3\u017cnych materia\u0142\u00f3w, zar\u00f3wno w prototypowaniu, jak i produkcji gotowych element\u00f3w. Mo\u017cemy drukowa\u0107 z szerokiej gamy materia\u0142\u00f3w, takich jak PLA, ABS, PETG, nylon, TPU oraz \u017cywice fotopolimerowe, co umo\u017cliwia nam dostosowanie si\u0119 do specyficznych wymaga\u0144 ka\u017cdego projektu.<br \/><br \/><a href=\"http:\/\/prodrone.pl\/wp-content\/uploads\/2024\/07\/1210789-1.jpg\"><img loading=\"lazy\" decoding=\"async\" class=\"aligncenter size-full wp-image-3321\" src=\"http:\/\/prodrone.pl\/wp-content\/uploads\/2024\/07\/1210789-1.jpg\" alt=\"\" width=\"700\" height=\"525\" srcset=\"https:\/\/prodrone.pl\/wp-content\/uploads\/2024\/07\/1210789-1.jpg 700w, https:\/\/prodrone.pl\/wp-content\/uploads\/2024\/07\/1210789-1-300x225.jpg 300w, https:\/\/prodrone.pl\/wp-content\/uploads\/2024\/07\/1210789-1-285x214.jpg 285w, https:\/\/prodrone.pl\/wp-content\/uploads\/2024\/07\/1210789-1-600x450.jpg 600w\" sizes=\"(max-width: 700px) 100vw, 700px\" \/><\/a> <a href=\"http:\/\/prodrone.pl\/wp-content\/uploads\/2024\/07\/1210840-1.jpg\"><img loading=\"lazy\" decoding=\"async\" class=\"aligncenter size-full wp-image-3327\" src=\"http:\/\/prodrone.pl\/wp-content\/uploads\/2024\/07\/1210840-1.jpg\" alt=\"\" width=\"700\" height=\"525\" srcset=\"https:\/\/prodrone.pl\/wp-content\/uploads\/2024\/07\/1210840-1.jpg 700w, https:\/\/prodrone.pl\/wp-content\/uploads\/2024\/07\/1210840-1-300x225.jpg 300w, https:\/\/prodrone.pl\/wp-content\/uploads\/2024\/07\/1210840-1-285x214.jpg 285w, https:\/\/prodrone.pl\/wp-content\/uploads\/2024\/07\/1210840-1-600x450.jpg 600w\" sizes=\"(max-width: 700px) 100vw, 700px\" \/><\/a> <a href=\"http:\/\/prodrone.pl\/wp-content\/uploads\/2024\/07\/1210835-1.jpg\"><img loading=\"lazy\" decoding=\"async\" class=\"aligncenter size-full wp-image-3326\" src=\"http:\/\/prodrone.pl\/wp-content\/uploads\/2024\/07\/1210835-1.jpg\" alt=\"\" width=\"700\" height=\"525\" srcset=\"https:\/\/prodrone.pl\/wp-content\/uploads\/2024\/07\/1210835-1.jpg 700w, https:\/\/prodrone.pl\/wp-content\/uploads\/2024\/07\/1210835-1-300x225.jpg 300w, https:\/\/prodrone.pl\/wp-content\/uploads\/2024\/07\/1210835-1-285x214.jpg 285w, https:\/\/prodrone.pl\/wp-content\/uploads\/2024\/07\/1210835-1-600x450.jpg 600w\" sizes=\"(max-width: 700px) 100vw, 700px\" \/><\/a><\/p>\n<p>Posiadamy na stanie drukarki FDM o polu wydruku 120&#215;120 mm, drukarki o polu 235&#215;235, kt\u00f3re s\u0105 idealne do szybkiego prototypowania, oraz drukarki o du\u017cym polu roboczym 500&#215;500 mm typu IDEX. Mamy te\u017c drukark\u0119 z podgrzewan\u0105 zamkni\u0119t\u0105 komor\u0105 kt\u00f3ra pozwala na druk z u\u017cyciem technicznych filament\u00f3w kt\u00f3re wymagaj\u0105 do druku temperatury otocznie 70 stopni celciusza. Drukarki IDEX (Independent Dual Extruder) pozwalaj\u0105 na jednoczesne drukowanie z dw\u00f3ch materia\u0142\u00f3w lub kolor\u00f3w, co jest niezwykle przydatne przy tworzeniu z\u0142o\u017conych, trudnych w druku modeli i prototyp\u00f3w.<br \/><br \/><a href=\"http:\/\/prodrone.pl\/wp-content\/uploads\/2024\/07\/1210898-1.jpg\"><img loading=\"lazy\" decoding=\"async\" class=\"aligncenter size-full wp-image-3330\" src=\"http:\/\/prodrone.pl\/wp-content\/uploads\/2024\/07\/1210898-1.jpg\" alt=\"\" width=\"700\" height=\"525\" srcset=\"https:\/\/prodrone.pl\/wp-content\/uploads\/2024\/07\/1210898-1.jpg 700w, https:\/\/prodrone.pl\/wp-content\/uploads\/2024\/07\/1210898-1-300x225.jpg 300w, https:\/\/prodrone.pl\/wp-content\/uploads\/2024\/07\/1210898-1-285x214.jpg 285w, https:\/\/prodrone.pl\/wp-content\/uploads\/2024\/07\/1210898-1-600x450.jpg 600w\" sizes=\"(max-width: 700px) 100vw, 700px\" \/><\/a><\/p>\n<p><a href=\"http:\/\/prodrone.pl\/wp-content\/uploads\/2024\/07\/1210960-1.jpg\"><img loading=\"lazy\" decoding=\"async\" class=\"aligncenter size-full wp-image-3335\" src=\"http:\/\/prodrone.pl\/wp-content\/uploads\/2024\/07\/1210960-1.jpg\" alt=\"\" width=\"700\" height=\"525\" srcset=\"https:\/\/prodrone.pl\/wp-content\/uploads\/2024\/07\/1210960-1.jpg 700w, https:\/\/prodrone.pl\/wp-content\/uploads\/2024\/07\/1210960-1-300x225.jpg 300w, https:\/\/prodrone.pl\/wp-content\/uploads\/2024\/07\/1210960-1-285x214.jpg 285w, https:\/\/prodrone.pl\/wp-content\/uploads\/2024\/07\/1210960-1-600x450.jpg 600w\" sizes=\"(max-width: 700px) 100vw, 700px\" \/><\/a> <a href=\"http:\/\/prodrone.pl\/wp-content\/uploads\/2024\/07\/20240119_193930-Niestandardowe-1.jpg\"><img loading=\"lazy\" decoding=\"async\" class=\"aligncenter size-full wp-image-3352\" src=\"http:\/\/prodrone.pl\/wp-content\/uploads\/2024\/07\/20240119_193930-Niestandardowe-1.jpg\" alt=\"\" width=\"700\" height=\"525\" srcset=\"https:\/\/prodrone.pl\/wp-content\/uploads\/2024\/07\/20240119_193930-Niestandardowe-1.jpg 700w, https:\/\/prodrone.pl\/wp-content\/uploads\/2024\/07\/20240119_193930-Niestandardowe-1-300x225.jpg 300w, https:\/\/prodrone.pl\/wp-content\/uploads\/2024\/07\/20240119_193930-Niestandardowe-1-285x214.jpg 285w, https:\/\/prodrone.pl\/wp-content\/uploads\/2024\/07\/20240119_193930-Niestandardowe-1-600x450.jpg 600w\" sizes=\"(max-width: 700px) 100vw, 700px\" \/><\/a> <a href=\"http:\/\/prodrone.pl\/wp-content\/uploads\/2024\/07\/1220262-1.jpg\"><img loading=\"lazy\" decoding=\"async\" class=\"aligncenter size-full wp-image-3346\" src=\"http:\/\/prodrone.pl\/wp-content\/uploads\/2024\/07\/1220262-1.jpg\" alt=\"\" width=\"700\" height=\"525\" srcset=\"https:\/\/prodrone.pl\/wp-content\/uploads\/2024\/07\/1220262-1.jpg 700w, https:\/\/prodrone.pl\/wp-content\/uploads\/2024\/07\/1220262-1-300x225.jpg 300w, https:\/\/prodrone.pl\/wp-content\/uploads\/2024\/07\/1220262-1-285x214.jpg 285w, https:\/\/prodrone.pl\/wp-content\/uploads\/2024\/07\/1220262-1-600x450.jpg 600w\" sizes=\"(max-width: 700px) 100vw, 700px\" \/><\/a><\/p>\n<p>Dzi\u0119ki maszynie CNC i precyzyjnemu ploterowi laserowemu, mo\u017cemy realizowa\u0107 skomplikowane projekty, frezowa\u0107 i ci\u0105\u0107 r\u00f3\u017cne materia\u0142y, oraz wykonywa\u0107 precyzyjne grawerunki. Wszystko to pozwala nam sprosta\u0107 r\u00f3\u017cnym potrzebom naszych klient\u00f3w, dostarczaj\u0105c idealnie dopasowane rozwi\u0105zania.<br \/><br \/><a href=\"http:\/\/prodrone.pl\/wp-content\/uploads\/2024\/07\/20240703_111637-Niestandardowe-1.jpg\"><img loading=\"lazy\" decoding=\"async\" class=\"aligncenter size-full wp-image-3358\" src=\"http:\/\/prodrone.pl\/wp-content\/uploads\/2024\/07\/20240703_111637-Niestandardowe-1.jpg\" alt=\"\" width=\"700\" height=\"525\" srcset=\"https:\/\/prodrone.pl\/wp-content\/uploads\/2024\/07\/20240703_111637-Niestandardowe-1.jpg 700w, https:\/\/prodrone.pl\/wp-content\/uploads\/2024\/07\/20240703_111637-Niestandardowe-1-300x225.jpg 300w, https:\/\/prodrone.pl\/wp-content\/uploads\/2024\/07\/20240703_111637-Niestandardowe-1-285x214.jpg 285w, https:\/\/prodrone.pl\/wp-content\/uploads\/2024\/07\/20240703_111637-Niestandardowe-1-600x450.jpg 600w\" sizes=\"(max-width: 700px) 100vw, 700px\" \/><\/a> <a href=\"http:\/\/prodrone.pl\/wp-content\/uploads\/2024\/07\/20221020_143239-rotated.jpg\"><img loading=\"lazy\" decoding=\"async\" class=\"aligncenter size-large wp-image-3348\" src=\"http:\/\/prodrone.pl\/wp-content\/uploads\/2024\/07\/20221020_143239-768x1024.jpg\" alt=\"\" width=\"640\" height=\"853\" srcset=\"https:\/\/prodrone.pl\/wp-content\/uploads\/2024\/07\/20221020_143239-768x1024.jpg 768w, https:\/\/prodrone.pl\/wp-content\/uploads\/2024\/07\/20221020_143239-225x300.jpg 225w, https:\/\/prodrone.pl\/wp-content\/uploads\/2024\/07\/20221020_143239-1152x1536.jpg 1152w, https:\/\/prodrone.pl\/wp-content\/uploads\/2024\/07\/20221020_143239-600x800.jpg 600w, https:\/\/prodrone.pl\/wp-content\/uploads\/2024\/07\/20221020_143239-rotated.jpg 1264w\" sizes=\"(max-width: 640px) 100vw, 640px\" \/><\/a> <a href=\"http:\/\/prodrone.pl\/wp-content\/uploads\/2024\/07\/20230503_133431-Niestandardowe-1.jpg\"><img loading=\"lazy\" decoding=\"async\" class=\"aligncenter size-full wp-image-3349\" src=\"http:\/\/prodrone.pl\/wp-content\/uploads\/2024\/07\/20230503_133431-Niestandardowe-1.jpg\" alt=\"\" width=\"700\" height=\"525\" srcset=\"https:\/\/prodrone.pl\/wp-content\/uploads\/2024\/07\/20230503_133431-Niestandardowe-1.jpg 700w, https:\/\/prodrone.pl\/wp-content\/uploads\/2024\/07\/20230503_133431-Niestandardowe-1-300x225.jpg 300w, https:\/\/prodrone.pl\/wp-content\/uploads\/2024\/07\/20230503_133431-Niestandardowe-1-285x214.jpg 285w, https:\/\/prodrone.pl\/wp-content\/uploads\/2024\/07\/20230503_133431-Niestandardowe-1-600x450.jpg 600w\" sizes=\"(max-width: 700px) 100vw, 700px\" \/><\/a><\/p>\n<p>Posiadamy tak\u017ce skaner 3D, kt\u00f3ry pozwala na wykonanie skanowania ma\u0142ych i \u015brednich obiekt\u00f3w. Dzi\u0119ki temu mo\u017cemy precyzyjnie uchwyci\u0107 kszta\u0142ty i wymiary, co jest bardzo przydatne przy tworzeniu projekt\u00f3w lub modyfikowaniu ju\u017c istniej\u0105cych przedmiot\u00f3w. Skanowanie 3D pozwala nam lepiej dostosowa\u0107 projekt do rzeczywistych warunk\u00f3w, unikaj\u0105c b\u0142\u0119d\u00f3w i oszcz\u0119dzaj\u0105c czas oraz zasoby.<\/p>\n<p>Je\u015bli masz pomys\u0142 wymagaj\u0105cy zaawansowanego przetwarzania materia\u0142\u00f3w lub chcesz stworzy\u0107 co\u015b wyj\u0105tkowego, zapraszamy do wsp\u00f3\u0142pracy. Jeste\u015bmy gotowi na wyzwania i ch\u0119tnie pomo\u017cemy w realizacji Twoich wizji, oferuj\u0105c wsparcie na ka\u017cdym etapie produkcji. Nasze do\u015bwiadczenie i wiedza pozwalaj\u0105 nam dostarcza\u0107 produkty i us\u0142ugi na najwy\u017cszym poziomie. Je\u015bli potrzebujesz anten, druku 3D lub wsparcia w projektowaniu, zapraszamy do wsp\u00f3\u0142pracy. Razem mo\u017cemy zrealizowa\u0107 nawet najbardziej ambitne projekty i osi\u0105gn\u0105\u0107 sukces.<br \/><br \/>Kolejne przyk\u0142adowe projekty:<br \/><a href=\"http:\/\/prodrone.pl\/wp-content\/uploads\/2024\/07\/20240317_185141-Niestandardowe-1-rotated.jpg\"><img loading=\"lazy\" decoding=\"async\" class=\"aligncenter size-full wp-image-3355\" src=\"http:\/\/prodrone.pl\/wp-content\/uploads\/2024\/07\/20240317_185141-Niestandardowe-1-rotated.jpg\" alt=\"\" width=\"525\" height=\"700\" srcset=\"https:\/\/prodrone.pl\/wp-content\/uploads\/2024\/07\/20240317_185141-Niestandardowe-1-rotated.jpg 525w, https:\/\/prodrone.pl\/wp-content\/uploads\/2024\/07\/20240317_185141-Niestandardowe-1-225x300.jpg 225w\" sizes=\"(max-width: 525px) 100vw, 525px\" \/><\/a> <a href=\"http:\/\/prodrone.pl\/wp-content\/uploads\/2024\/07\/20240427_115657-Niestandardowe-1-rotated.jpg\"><img loading=\"lazy\" decoding=\"async\" class=\"aligncenter size-full wp-image-3357\" src=\"http:\/\/prodrone.pl\/wp-content\/uploads\/2024\/07\/20240427_115657-Niestandardowe-1-rotated.jpg\" alt=\"\" width=\"525\" height=\"700\" srcset=\"https:\/\/prodrone.pl\/wp-content\/uploads\/2024\/07\/20240427_115657-Niestandardowe-1-rotated.jpg 525w, https:\/\/prodrone.pl\/wp-content\/uploads\/2024\/07\/20240427_115657-Niestandardowe-1-225x300.jpg 225w\" sizes=\"(max-width: 525px) 100vw, 525px\" \/><\/a> <a href=\"http:\/\/prodrone.pl\/wp-content\/uploads\/2024\/07\/20240120_123122-Niestandardowe-1.jpg\"><img loading=\"lazy\" decoding=\"async\" class=\"aligncenter size-full wp-image-3353\" src=\"http:\/\/prodrone.pl\/wp-content\/uploads\/2024\/07\/20240120_123122-Niestandardowe-1.jpg\" alt=\"\" width=\"700\" height=\"525\" srcset=\"https:\/\/prodrone.pl\/wp-content\/uploads\/2024\/07\/20240120_123122-Niestandardowe-1.jpg 700w, https:\/\/prodrone.pl\/wp-content\/uploads\/2024\/07\/20240120_123122-Niestandardowe-1-300x225.jpg 300w, https:\/\/prodrone.pl\/wp-content\/uploads\/2024\/07\/20240120_123122-Niestandardowe-1-285x214.jpg 285w, https:\/\/prodrone.pl\/wp-content\/uploads\/2024\/07\/20240120_123122-Niestandardowe-1-600x450.jpg 600w\" sizes=\"(max-width: 700px) 100vw, 700px\" \/><\/a> <a href=\"http:\/\/prodrone.pl\/wp-content\/uploads\/2024\/07\/flow-v21-Niestandardowe-1.png\"><img loading=\"lazy\" decoding=\"async\" class=\"aligncenter size-full wp-image-3360\" src=\"http:\/\/prodrone.pl\/wp-content\/uploads\/2024\/07\/flow-v21-Niestandardowe-1.png\" alt=\"\" width=\"700\" height=\"436\" srcset=\"https:\/\/prodrone.pl\/wp-content\/uploads\/2024\/07\/flow-v21-Niestandardowe-1.png 700w, https:\/\/prodrone.pl\/wp-content\/uploads\/2024\/07\/flow-v21-Niestandardowe-1-300x187.png 300w, https:\/\/prodrone.pl\/wp-content\/uploads\/2024\/07\/flow-v21-Niestandardowe-1-600x374.png 600w\" sizes=\"(max-width: 700px) 100vw, 700px\" \/><\/a> <a href=\"http:\/\/prodrone.pl\/wp-content\/uploads\/2024\/07\/frezarka_one-file-Niestandardowe-1.jpg\"><img loading=\"lazy\" decoding=\"async\" class=\"aligncenter size-full wp-image-3361\" src=\"http:\/\/prodrone.pl\/wp-content\/uploads\/2024\/07\/frezarka_one-file-Niestandardowe-1.jpg\" alt=\"\" width=\"700\" height=\"541\" srcset=\"https:\/\/prodrone.pl\/wp-content\/uploads\/2024\/07\/frezarka_one-file-Niestandardowe-1.jpg 700w, https:\/\/prodrone.pl\/wp-content\/uploads\/2024\/07\/frezarka_one-file-Niestandardowe-1-300x232.jpg 300w, https:\/\/prodrone.pl\/wp-content\/uploads\/2024\/07\/frezarka_one-file-Niestandardowe-1-600x464.jpg 600w\" sizes=\"(max-width: 700px) 100vw, 700px\" \/><\/a> <a href=\"http:\/\/prodrone.pl\/wp-content\/uploads\/2024\/07\/1210934-1.jpg\"><img loading=\"lazy\" decoding=\"async\" class=\"aligncenter size-full wp-image-3333\" src=\"http:\/\/prodrone.pl\/wp-content\/uploads\/2024\/07\/1210934-1.jpg\" alt=\"\" width=\"700\" height=\"525\" srcset=\"https:\/\/prodrone.pl\/wp-content\/uploads\/2024\/07\/1210934-1.jpg 700w, https:\/\/prodrone.pl\/wp-content\/uploads\/2024\/07\/1210934-1-300x225.jpg 300w, https:\/\/prodrone.pl\/wp-content\/uploads\/2024\/07\/1210934-1-285x214.jpg 285w, https:\/\/prodrone.pl\/wp-content\/uploads\/2024\/07\/1210934-1-600x450.jpg 600w\" sizes=\"(max-width: 700px) 100vw, 700px\" \/><\/a> <a href=\"http:\/\/prodrone.pl\/wp-content\/uploads\/2024\/07\/1210805-1.jpg\"><img loading=\"lazy\" decoding=\"async\" class=\"aligncenter size-full wp-image-3322\" src=\"http:\/\/prodrone.pl\/wp-content\/uploads\/2024\/07\/1210805-1.jpg\" alt=\"\" width=\"700\" height=\"525\" srcset=\"https:\/\/prodrone.pl\/wp-content\/uploads\/2024\/07\/1210805-1.jpg 700w, https:\/\/prodrone.pl\/wp-content\/uploads\/2024\/07\/1210805-1-300x225.jpg 300w, https:\/\/prodrone.pl\/wp-content\/uploads\/2024\/07\/1210805-1-285x214.jpg 285w, https:\/\/prodrone.pl\/wp-content\/uploads\/2024\/07\/1210805-1-600x450.jpg 600w\" sizes=\"(max-width: 700px) 100vw, 700px\" \/><\/a> <a href=\"http:\/\/prodrone.pl\/wp-content\/uploads\/2024\/07\/1210649-1.jpg\"><img loading=\"lazy\" decoding=\"async\" class=\"aligncenter size-full wp-image-3319\" src=\"http:\/\/prodrone.pl\/wp-content\/uploads\/2024\/07\/1210649-1.jpg\" alt=\"\" width=\"700\" height=\"525\" srcset=\"https:\/\/prodrone.pl\/wp-content\/uploads\/2024\/07\/1210649-1.jpg 700w, https:\/\/prodrone.pl\/wp-content\/uploads\/2024\/07\/1210649-1-300x225.jpg 300w, https:\/\/prodrone.pl\/wp-content\/uploads\/2024\/07\/1210649-1-285x214.jpg 285w, https:\/\/prodrone.pl\/wp-content\/uploads\/2024\/07\/1210649-1-600x450.jpg 600w\" sizes=\"(max-width: 700px) 100vw, 700px\" \/><\/a> <a href=\"http:\/\/prodrone.pl\/wp-content\/uploads\/2024\/07\/1200688-1.jpg\"><img loading=\"lazy\" decoding=\"async\" class=\"aligncenter size-full wp-image-3316\" src=\"http:\/\/prodrone.pl\/wp-content\/uploads\/2024\/07\/1200688-1.jpg\" alt=\"\" width=\"700\" height=\"525\" srcset=\"https:\/\/prodrone.pl\/wp-content\/uploads\/2024\/07\/1200688-1.jpg 700w, https:\/\/prodrone.pl\/wp-content\/uploads\/2024\/07\/1200688-1-300x225.jpg 300w, https:\/\/prodrone.pl\/wp-content\/uploads\/2024\/07\/1200688-1-285x214.jpg 285w, https:\/\/prodrone.pl\/wp-content\/uploads\/2024\/07\/1200688-1-600x450.jpg 600w\" sizes=\"(max-width: 700px) 100vw, 700px\" \/><\/a> <a href=\"http:\/\/prodrone.pl\/wp-content\/uploads\/2024\/07\/1190794-1.jpg\"><img loading=\"lazy\" decoding=\"async\" class=\"aligncenter size-full wp-image-3297\" src=\"http:\/\/prodrone.pl\/wp-content\/uploads\/2024\/07\/1190794-1.jpg\" alt=\"\" width=\"700\" height=\"525\" srcset=\"https:\/\/prodrone.pl\/wp-content\/uploads\/2024\/07\/1190794-1.jpg 700w, https:\/\/prodrone.pl\/wp-content\/uploads\/2024\/07\/1190794-1-300x225.jpg 300w, https:\/\/prodrone.pl\/wp-content\/uploads\/2024\/07\/1190794-1-285x214.jpg 285w, https:\/\/prodrone.pl\/wp-content\/uploads\/2024\/07\/1190794-1-600x450.jpg 600w\" sizes=\"(max-width: 700px) 100vw, 700px\" \/><\/a><br \/><br \/><\/p>\n","protected":false},"excerpt":{"rendered":"<p>Nasza firma, Prodrone.pl, to lider w produkcji wysokiej jako\u015bci anten dedykowanych dronom FPV i UAV. Oferujemy szeroki wyb\u00f3r anten dostosowanych do cz\u0119stotliwo\u015bci 868 MHz, 915 MHz, 433 MHz, 2.4 GHz i 5.8 GHz, co pozwala na idealne dopasowanie do specyficznych potrzeb ka\u017cdego pilota. Niezale\u017cnie od tego, czy potrzebujesz anteny do kr\u00f3tkich, czy d\u0142ugich lot\u00f3w, mamy <a href=\"https:\/\/prodrone.pl\/index.php\/pl\/blog-2\/o-nas\/\" rel=\"nofollow\"><span class=\"sr-only\">Read more about O nas<\/span>[&#8230;]<\/a><\/p>\n","protected":false},"author":1,"featured_media":3363,"parent":883,"menu_order":0,"comment_status":"closed","ping_status":"closed","template":"template-fullwidth.php","meta":{"saved_in_kubio":false,"footnotes":""},"class_list":["post-76","page","type-page","status-publish","has-post-thumbnail","hentry"],"kubio_ai_page_context":{"short_desc":"","purpose":"general"},"_links":{"self":[{"href":"https:\/\/prodrone.pl\/index.php\/wp-json\/wp\/v2\/pages\/76","targetHints":{"allow":["GET"]}}],"collection":[{"href":"https:\/\/prodrone.pl\/index.php\/wp-json\/wp\/v2\/pages"}],"about":[{"href":"https:\/\/prodrone.pl\/index.php\/wp-json\/wp\/v2\/types\/page"}],"author":[{"embeddable":true,"href":"https:\/\/prodrone.pl\/index.php\/wp-json\/wp\/v2\/users\/1"}],"replies":[{"embeddable":true,"href":"https:\/\/prodrone.pl\/index.php\/wp-json\/wp\/v2\/comments?post=76"}],"version-history":[{"count":7,"href":"https:\/\/prodrone.pl\/index.php\/wp-json\/wp\/v2\/pages\/76\/revisions"}],"predecessor-version":[{"id":3775,"href":"https:\/\/prodrone.pl\/index.php\/wp-json\/wp\/v2\/pages\/76\/revisions\/3775"}],"up":[{"embeddable":true,"href":"https:\/\/prodrone.pl\/index.php\/wp-json\/wp\/v2\/pages\/883"}],"wp:featuredmedia":[{"embeddable":true,"href":"https:\/\/prodrone.pl\/index.php\/wp-json\/wp\/v2\/media\/3363"}],"wp:attachment":[{"href":"https:\/\/prodrone.pl\/index.php\/wp-json\/wp\/v2\/media?parent=76"}],"curies":[{"name":"wp","href":"https:\/\/api.w.org\/{rel}","templated":true}]}}