{"id":811,"date":"2017-06-05T05:35:06","date_gmt":"2017-06-05T05:35:06","guid":{"rendered":"http:\/\/prodrone.pl\/?page_id=811"},"modified":"2017-06-05T05:35:06","modified_gmt":"2017-06-05T05:35:06","slug":"shop-prodrone-pl","status":"publish","type":"page","link":"http:\/\/prodrone.pl\/index.php\/en\/shop-prodrone-pl\/","title":{"rendered":"shop.prodrone.pl"},"content":{"rendered":"<p>Please visit our new shop<br \/>\n<a href=\"https:\/\/shop.prodrone.pl\/en_US\/index\">shop.prodrone.pl<\/a><\/p>\n<p>&nbsp;<\/p>\n<p>W celu dokonania zakup\u00f3w prosz\u0119 odwiedzi\u0107 nasz nowy sklep<br \/>\n<a href=\"https:\/\/shop.prodrone.pl\/pl\/index\">shop.prodorne.pl<\/a><\/p>\n","protected":false},"excerpt":{"rendered":"<p>Please visit our new shop shop.prodrone.pl &nbsp; W celu dokonania zakup\u00f3w prosz\u0119 odwiedzi\u0107 nasz nowy sklep shop.prodorne.pl<\/p>\n","protected":false},"author":1,"featured_media":0,"parent":0,"menu_order":0,"comment_status":"closed","ping_status":"closed","template":"","meta":{"saved_in_kubio":false,"footnotes":""},"class_list":["post-811","page","type-page","status-publish","hentry"],"kubio_ai_page_context":{"short_desc":"","purpose":"general"},"_links":{"self":[{"href":"http:\/\/prodrone.pl\/index.php\/wp-json\/wp\/v2\/pages\/811","targetHints":{"allow":["GET"]}}],"collection":[{"href":"http:\/\/prodrone.pl\/index.php\/wp-json\/wp\/v2\/pages"}],"about":[{"href":"http:\/\/prodrone.pl\/index.php\/wp-json\/wp\/v2\/types\/page"}],"author":[{"embeddable":true,"href":"http:\/\/prodrone.pl\/index.php\/wp-json\/wp\/v2\/users\/1"}],"replies":[{"embeddable":true,"href":"http:\/\/prodrone.pl\/index.php\/wp-json\/wp\/v2\/comments?post=811"}],"version-history":[{"count":1,"href":"http:\/\/prodrone.pl\/index.php\/wp-json\/wp\/v2\/pages\/811\/revisions"}],"predecessor-version":[{"id":812,"href":"http:\/\/prodrone.pl\/index.php\/wp-json\/wp\/v2\/pages\/811\/revisions\/812"}],"wp:attachment":[{"href":"http:\/\/prodrone.pl\/index.php\/wp-json\/wp\/v2\/media?parent=811"}],"curies":[{"name":"wp","href":"https:\/\/api.w.org\/{rel}","templated":true}]}}